{"id":471,"date":"2022-03-12T23:23:08","date_gmt":"2022-03-12T22:23:08","guid":{"rendered":"http:\/\/consultinghungary.pl\/p1\/?page_id=471"},"modified":"2022-08-05T15:37:40","modified_gmt":"2022-08-05T13:37:40","slug":"uslugi-wsparcia-online-marketing-ksiegowosc-doradztwo-i-posrednictwo-doradztwo-prawne","status":"publish","type":"page","link":"https:\/\/consultinghungary.pl\/pl\/uslugi-wsparcia-online-marketing-ksiegowosc-doradztwo-i-posrednictwo-doradztwo-prawne\/","title":{"rendered":"Us\u0142ugi wsparcia: Online Marketing, Ksi\u0119gowo\u015b\u0107, Doradztwo i Po\u015brednictwo, Doradztwo prawne"},"content":{"rendered":"","protected":false},"excerpt":{"rendered":"","protected":false},"author":2,"featured_media":0,"parent":0,"menu_order":12,"comment_status":"closed","ping_status":"closed","template":"","meta":[],"acf":[],"yoast_head":"<!-- This site is optimized with the Yoast SEO plugin v19.2 - https:\/\/yoast.com\/wordpress\/plugins\/seo\/ -->\n<title>Us\u0142ugi wsparcia: Online Marketing, Ksi\u0119gowo\u015b\u0107, Doradztwo i Po\u015brednictwo, Doradztwo prawne - Consulting Hungary | PL<\/title>\n<meta name=\"robots\" content=\"index, follow, max-snippet:-1, max-image-preview:large, max-video-preview:-1\" \/>\n<link rel=\"canonical\" href=\"https:\/\/consultinghungary.pl\/pl\/uslugi-wsparcia-online-marketing-ksiegowosc-doradztwo-i-posrednictwo-doradztwo-prawne\/\" \/>\n<meta property=\"og:locale\" content=\"pl_PL\" \/>\n<meta property=\"og:type\" content=\"article\" \/>\n<meta property=\"og:title\" content=\"Us\u0142ugi wsparcia: Online Marketing, Ksi\u0119gowo\u015b\u0107, Doradztwo i Po\u015brednictwo, Doradztwo prawne - Consulting Hungary | PL\" \/>\n<meta property=\"og:url\" content=\"https:\/\/consultinghungary.pl\/pl\/uslugi-wsparcia-online-marketing-ksiegowosc-doradztwo-i-posrednictwo-doradztwo-prawne\/\" \/>\n<meta property=\"og:site_name\" content=\"Consulting Hungary | PL\" \/>\n<meta property=\"article:publisher\" content=\"https:\/\/www.facebook.com\/watch\/consultinghungary\/\" \/>\n<meta property=\"article:modified_time\" content=\"2022-08-05T13:37:40+00:00\" \/>\n<meta name=\"author\" content=\"Consulting Hungary\" \/>\n<meta name=\"twitter:card\" content=\"summary_large_image\" \/>\n<script type=\"application\/ld+json\" class=\"yoast-schema-graph\">{\"@context\":\"https:\/\/schema.org\",\"@graph\":[{\"@type\":\"Organization\",\"@id\":\"https:\/\/consultinghungary.pl\/pl\/#organization\",\"name\":\"Consulting Hungary\",\"url\":\"https:\/\/consultinghungary.pl\/pl\/\",\"sameAs\":[\"https:\/\/www.linkedin.com\/company\/consulting-hungary\/\",\"https:\/\/www.facebook.com\/watch\/consultinghungary\/\"],\"logo\":{\"@type\":\"ImageObject\",\"inLanguage\":\"pl-PL\",\"@id\":\"https:\/\/consultinghungary.pl\/pl\/#\/schema\/logo\/image\/\",\"url\":\"https:\/\/consultinghungary.pl\/pl\/wp-content\/uploads\/sites\/13\/2022\/02\/consluting-hungary-logo-246x199-2.png\",\"contentUrl\":\"https:\/\/consultinghungary.pl\/pl\/wp-content\/uploads\/sites\/13\/2022\/02\/consluting-hungary-logo-246x199-2.png\",\"width\":246,\"height\":199,\"caption\":\"Consulting Hungary\"},\"image\":{\"@id\":\"https:\/\/consultinghungary.pl\/pl\/#\/schema\/logo\/image\/\"}},{\"@type\":\"WebSite\",\"@id\":\"https:\/\/consultinghungary.pl\/pl\/#website\",\"url\":\"https:\/\/consultinghungary.pl\/pl\/\",\"name\":\"Consulting Hungary | PL\",\"description\":\"Pomagamy firmom e-commerce rozwija\u0107  sprzeda\u017c zagraniczn\u0105\",\"publisher\":{\"@id\":\"https:\/\/consultinghungary.pl\/pl\/#organization\"},\"potentialAction\":[{\"@type\":\"SearchAction\",\"target\":{\"@type\":\"EntryPoint\",\"urlTemplate\":\"https:\/\/consultinghungary.pl\/pl\/?s={search_term_string}\"},\"query-input\":\"required name=search_term_string\"}],\"inLanguage\":\"pl-PL\"},{\"@type\":\"WebPage\",\"@id\":\"https:\/\/consultinghungary.pl\/pl\/uslugi-wsparcia-online-marketing-ksiegowosc-doradztwo-i-posrednictwo-doradztwo-prawne\/#webpage\",\"url\":\"https:\/\/consultinghungary.pl\/pl\/uslugi-wsparcia-online-marketing-ksiegowosc-doradztwo-i-posrednictwo-doradztwo-prawne\/\",\"name\":\"Us\u0142ugi wsparcia: Online Marketing, Ksi\u0119gowo\u015b\u0107, Doradztwo i Po\u015brednictwo, Doradztwo prawne - Consulting Hungary | PL\",\"isPartOf\":{\"@id\":\"https:\/\/consultinghungary.pl\/pl\/#website\"},\"datePublished\":\"2022-03-12T22:23:08+00:00\",\"dateModified\":\"2022-08-05T13:37:40+00:00\",\"breadcrumb\":{\"@id\":\"https:\/\/consultinghungary.pl\/pl\/uslugi-wsparcia-online-marketing-ksiegowosc-doradztwo-i-posrednictwo-doradztwo-prawne\/#breadcrumb\"},\"inLanguage\":\"pl-PL\",\"potentialAction\":[{\"@type\":\"ReadAction\",\"target\":[\"https:\/\/consultinghungary.pl\/pl\/uslugi-wsparcia-online-marketing-ksiegowosc-doradztwo-i-posrednictwo-doradztwo-prawne\/\"]}]},{\"@type\":\"BreadcrumbList\",\"@id\":\"https:\/\/consultinghungary.pl\/pl\/uslugi-wsparcia-online-marketing-ksiegowosc-doradztwo-i-posrednictwo-doradztwo-prawne\/#breadcrumb\",\"itemListElement\":[{\"@type\":\"ListItem\",\"position\":1,\"name\":\"Home\",\"item\":\"https:\/\/consultinghungary.pl\/pl\/\"},{\"@type\":\"ListItem\",\"position\":2,\"name\":\"Us\u0142ugi wsparcia: Online Marketing, Ksi\u0119gowo\u015b\u0107, Doradztwo i Po\u015brednictwo, Doradztwo prawne\"}]}]}<\/script>\n<!-- \/ Yoast SEO plugin. -->","yoast_head_json":{"title":"Us\u0142ugi wsparcia: Online Marketing, Ksi\u0119gowo\u015b\u0107, Doradztwo i Po\u015brednictwo, Doradztwo prawne - Consulting Hungary | PL","robots":{"index":"index","follow":"follow","max-snippet":"max-snippet:-1","max-image-preview":"max-image-preview:large","max-video-preview":"max-video-preview:-1"},"canonical":"https:\/\/consultinghungary.pl\/pl\/uslugi-wsparcia-online-marketing-ksiegowosc-doradztwo-i-posrednictwo-doradztwo-prawne\/","og_locale":"pl_PL","og_type":"article","og_title":"Us\u0142ugi wsparcia: Online Marketing, Ksi\u0119gowo\u015b\u0107, Doradztwo i Po\u015brednictwo, Doradztwo prawne - Consulting Hungary | PL","og_url":"https:\/\/consultinghungary.pl\/pl\/uslugi-wsparcia-online-marketing-ksiegowosc-doradztwo-i-posrednictwo-doradztwo-prawne\/","og_site_name":"Consulting Hungary | PL","article_publisher":"https:\/\/www.facebook.com\/watch\/consultinghungary\/","article_modified_time":"2022-08-05T13:37:40+00:00","author":"Consulting Hungary","twitter_card":"summary_large_image","schema":{"@context":"https:\/\/schema.org","@graph":[{"@type":"Organization","@id":"https:\/\/consultinghungary.pl\/pl\/#organization","name":"Consulting Hungary","url":"https:\/\/consultinghungary.pl\/pl\/","sameAs":["https:\/\/www.linkedin.com\/company\/consulting-hungary\/","https:\/\/www.facebook.com\/watch\/consultinghungary\/"],"logo":{"@type":"ImageObject","inLanguage":"pl-PL","@id":"https:\/\/consultinghungary.pl\/pl\/#\/schema\/logo\/image\/","url":"https:\/\/consultinghungary.pl\/pl\/wp-content\/uploads\/sites\/13\/2022\/02\/consluting-hungary-logo-246x199-2.png","contentUrl":"https:\/\/consultinghungary.pl\/pl\/wp-content\/uploads\/sites\/13\/2022\/02\/consluting-hungary-logo-246x199-2.png","width":246,"height":199,"caption":"Consulting Hungary"},"image":{"@id":"https:\/\/consultinghungary.pl\/pl\/#\/schema\/logo\/image\/"}},{"@type":"WebSite","@id":"https:\/\/consultinghungary.pl\/pl\/#website","url":"https:\/\/consultinghungary.pl\/pl\/","name":"Consulting Hungary | PL","description":"Pomagamy firmom e-commerce rozwija\u0107  sprzeda\u017c zagraniczn\u0105","publisher":{"@id":"https:\/\/consultinghungary.pl\/pl\/#organization"},"potentialAction":[{"@type":"SearchAction","target":{"@type":"EntryPoint","urlTemplate":"https:\/\/consultinghungary.pl\/pl\/?s={search_term_string}"},"query-input":"required name=search_term_string"}],"inLanguage":"pl-PL"},{"@type":"WebPage","@id":"https:\/\/consultinghungary.pl\/pl\/uslugi-wsparcia-online-marketing-ksiegowosc-doradztwo-i-posrednictwo-doradztwo-prawne\/#webpage","url":"https:\/\/consultinghungary.pl\/pl\/uslugi-wsparcia-online-marketing-ksiegowosc-doradztwo-i-posrednictwo-doradztwo-prawne\/","name":"Us\u0142ugi wsparcia: Online Marketing, Ksi\u0119gowo\u015b\u0107, Doradztwo i Po\u015brednictwo, Doradztwo prawne - Consulting Hungary | PL","isPartOf":{"@id":"https:\/\/consultinghungary.pl\/pl\/#website"},"datePublished":"2022-03-12T22:23:08+00:00","dateModified":"2022-08-05T13:37:40+00:00","breadcrumb":{"@id":"https:\/\/consultinghungary.pl\/pl\/uslugi-wsparcia-online-marketing-ksiegowosc-doradztwo-i-posrednictwo-doradztwo-prawne\/#breadcrumb"},"inLanguage":"pl-PL","potentialAction":[{"@type":"ReadAction","target":["https:\/\/consultinghungary.pl\/pl\/uslugi-wsparcia-online-marketing-ksiegowosc-doradztwo-i-posrednictwo-doradztwo-prawne\/"]}]},{"@type":"BreadcrumbList","@id":"https:\/\/consultinghungary.pl\/pl\/uslugi-wsparcia-online-marketing-ksiegowosc-doradztwo-i-posrednictwo-doradztwo-prawne\/#breadcrumb","itemListElement":[{"@type":"ListItem","position":1,"name":"Home","item":"https:\/\/consultinghungary.pl\/pl\/"},{"@type":"ListItem","position":2,"name":"Us\u0142ugi wsparcia: Online Marketing, Ksi\u0119gowo\u015b\u0107, Doradztwo i Po\u015brednictwo, Doradztwo prawne"}]}]}},"_links":{"self":[{"href":"https:\/\/consultinghungary.pl\/pl\/wp-json\/wp\/v2\/pages\/471"}],"collection":[{"href":"https:\/\/consultinghungary.pl\/pl\/wp-json\/wp\/v2\/pages"}],"about":[{"href":"https:\/\/consultinghungary.pl\/pl\/wp-json\/wp\/v2\/types\/page"}],"author":[{"embeddable":true,"href":"https:\/\/consultinghungary.pl\/pl\/wp-json\/wp\/v2\/users\/2"}],"replies":[{"embeddable":true,"href":"https:\/\/consultinghungary.pl\/pl\/wp-json\/wp\/v2\/comments?post=471"}],"version-history":[{"count":4,"href":"https:\/\/consultinghungary.pl\/pl\/wp-json\/wp\/v2\/pages\/471\/revisions"}],"predecessor-version":[{"id":625,"href":"https:\/\/consultinghungary.pl\/pl\/wp-json\/wp\/v2\/pages\/471\/revisions\/625"}],"wp:attachment":[{"href":"https:\/\/consultinghungary.pl\/pl\/wp-json\/wp\/v2\/media?parent=471"}],"curies":[{"name":"wp","href":"https:\/\/api.w.org\/{rel}","templated":true}]}}