{"id":2,"date":"2015-12-15T10:21:08","date_gmt":"2015-12-15T10:21:08","guid":{"rendered":"https:\/\/themes.muffingroup.com\/be\/firm\/?page_id=2"},"modified":"2023-04-19T12:35:25","modified_gmt":"2023-04-19T10:35:25","slug":"jak-dzialamy-z-e-commerce","status":"publish","type":"page","link":"https:\/\/consultinghungary.pl\/pl\/","title":{"rendered":"Home"},"content":{"rendered":"","protected":false},"excerpt":{"rendered":"","protected":false},"author":7,"featured_media":0,"parent":0,"menu_order":0,"comment_status":"closed","ping_status":"closed","template":"","meta":[],"acf":[],"yoast_head":"<!-- This site is optimized with the Yoast SEO plugin v19.2 - https:\/\/yoast.com\/wordpress\/plugins\/seo\/ -->\n<title>Consulting Hungary - kompleksowe wsparcie Twojego e-commerce!<\/title>\n<meta name=\"description\" content=\"Zwi\u0119ksz sprzeda\u017c e-commerce dzi\u0119ki naszym ekspertom. Kompleksowe us\u0142ugi dla r\u00f3\u017cnych bran\u017c. Rozwijaj sw\u00f3j biznes na rynkach mi\u0119dzynarodowych.\" \/>\n<meta name=\"robots\" content=\"index, follow, max-snippet:-1, max-image-preview:large, max-video-preview:-1\" \/>\n<link rel=\"canonical\" href=\"https:\/\/consultinghungary.pl\/pl\/\" \/>\n<meta property=\"og:locale\" content=\"pl_PL\" \/>\n<meta property=\"og:type\" content=\"article\" \/>\n<meta property=\"og:title\" content=\"Consulting Hungary - kompleksowe wsparcie Twojego e-commerce!\" \/>\n<meta property=\"og:description\" content=\"Zwi\u0119ksz sprzeda\u017c e-commerce dzi\u0119ki naszym ekspertom. Kompleksowe us\u0142ugi dla r\u00f3\u017cnych bran\u017c. Rozwijaj sw\u00f3j biznes na rynkach mi\u0119dzynarodowych.\" \/>\n<meta property=\"og:url\" content=\"https:\/\/consultinghungary.pl\/pl\/\" \/>\n<meta property=\"og:site_name\" content=\"Consulting Hungary | PL\" \/>\n<meta property=\"article:publisher\" content=\"https:\/\/www.facebook.com\/watch\/consultinghungary\/\" \/>\n<meta property=\"article:modified_time\" content=\"2023-04-19T10:35:25+00:00\" \/>\n<meta name=\"author\" content=\"dawid\" \/>\n<meta name=\"twitter:card\" content=\"summary_large_image\" \/>\n<script type=\"application\/ld+json\" class=\"yoast-schema-graph\">{\"@context\":\"https:\/\/schema.org\",\"@graph\":[{\"@type\":\"Organization\",\"@id\":\"https:\/\/consultinghungary.pl\/pl\/#organization\",\"name\":\"Consulting Hungary\",\"url\":\"https:\/\/consultinghungary.pl\/pl\/\",\"sameAs\":[\"https:\/\/www.linkedin.com\/company\/consulting-hungary\/\",\"https:\/\/www.facebook.com\/watch\/consultinghungary\/\"],\"logo\":{\"@type\":\"ImageObject\",\"inLanguage\":\"pl-PL\",\"@id\":\"https:\/\/consultinghungary.pl\/pl\/#\/schema\/logo\/image\/\",\"url\":\"https:\/\/consultinghungary.pl\/pl\/wp-content\/uploads\/sites\/13\/2022\/02\/consluting-hungary-logo-246x199-2.png\",\"contentUrl\":\"https:\/\/consultinghungary.pl\/pl\/wp-content\/uploads\/sites\/13\/2022\/02\/consluting-hungary-logo-246x199-2.png\",\"width\":246,\"height\":199,\"caption\":\"Consulting Hungary\"},\"image\":{\"@id\":\"https:\/\/consultinghungary.pl\/pl\/#\/schema\/logo\/image\/\"}},{\"@type\":\"WebSite\",\"@id\":\"https:\/\/consultinghungary.pl\/pl\/#website\",\"url\":\"https:\/\/consultinghungary.pl\/pl\/\",\"name\":\"Consulting Hungary | PL\",\"description\":\"Pomagamy firmom e-commerce rozwija\u0107  sprzeda\u017c zagraniczn\u0105\",\"publisher\":{\"@id\":\"https:\/\/consultinghungary.pl\/pl\/#organization\"},\"potentialAction\":[{\"@type\":\"SearchAction\",\"target\":{\"@type\":\"EntryPoint\",\"urlTemplate\":\"https:\/\/consultinghungary.pl\/pl\/?s={search_term_string}\"},\"query-input\":\"required name=search_term_string\"}],\"inLanguage\":\"pl-PL\"},{\"@type\":\"WebPage\",\"@id\":\"https:\/\/consultinghungary.pl\/pl\/#webpage\",\"url\":\"https:\/\/consultinghungary.pl\/pl\/\",\"name\":\"Consulting Hungary - kompleksowe wsparcie Twojego e-commerce!\",\"isPartOf\":{\"@id\":\"https:\/\/consultinghungary.pl\/pl\/#website\"},\"datePublished\":\"2015-12-15T10:21:08+00:00\",\"dateModified\":\"2023-04-19T10:35:25+00:00\",\"description\":\"Zwi\u0119ksz sprzeda\u017c e-commerce dzi\u0119ki naszym ekspertom. Kompleksowe us\u0142ugi dla r\u00f3\u017cnych bran\u017c. Rozwijaj sw\u00f3j biznes na rynkach mi\u0119dzynarodowych.\",\"breadcrumb\":{\"@id\":\"https:\/\/consultinghungary.pl\/pl\/#breadcrumb\"},\"inLanguage\":\"pl-PL\",\"potentialAction\":[{\"@type\":\"ReadAction\",\"target\":[\"https:\/\/consultinghungary.pl\/pl\/\"]}]},{\"@type\":\"BreadcrumbList\",\"@id\":\"https:\/\/consultinghungary.pl\/pl\/#breadcrumb\",\"itemListElement\":[{\"@type\":\"ListItem\",\"position\":1,\"name\":\"Home\",\"item\":\"https:\/\/consultinghungary.pl\/pl\/\"},{\"@type\":\"ListItem\",\"position\":2,\"name\":\"Home\"}]}]}<\/script>\n<!-- \/ Yoast SEO plugin. -->","yoast_head_json":{"title":"Consulting Hungary - kompleksowe wsparcie Twojego e-commerce!","description":"Zwi\u0119ksz sprzeda\u017c e-commerce dzi\u0119ki naszym ekspertom. Kompleksowe us\u0142ugi dla r\u00f3\u017cnych bran\u017c. Rozwijaj sw\u00f3j biznes na rynkach mi\u0119dzynarodowych.","robots":{"index":"index","follow":"follow","max-snippet":"max-snippet:-1","max-image-preview":"max-image-preview:large","max-video-preview":"max-video-preview:-1"},"canonical":"https:\/\/consultinghungary.pl\/pl\/","og_locale":"pl_PL","og_type":"article","og_title":"Consulting Hungary - kompleksowe wsparcie Twojego e-commerce!","og_description":"Zwi\u0119ksz sprzeda\u017c e-commerce dzi\u0119ki naszym ekspertom. Kompleksowe us\u0142ugi dla r\u00f3\u017cnych bran\u017c. Rozwijaj sw\u00f3j biznes na rynkach mi\u0119dzynarodowych.","og_url":"https:\/\/consultinghungary.pl\/pl\/","og_site_name":"Consulting Hungary | PL","article_publisher":"https:\/\/www.facebook.com\/watch\/consultinghungary\/","article_modified_time":"2023-04-19T10:35:25+00:00","author":"dawid","twitter_card":"summary_large_image","schema":{"@context":"https:\/\/schema.org","@graph":[{"@type":"Organization","@id":"https:\/\/consultinghungary.pl\/pl\/#organization","name":"Consulting Hungary","url":"https:\/\/consultinghungary.pl\/pl\/","sameAs":["https:\/\/www.linkedin.com\/company\/consulting-hungary\/","https:\/\/www.facebook.com\/watch\/consultinghungary\/"],"logo":{"@type":"ImageObject","inLanguage":"pl-PL","@id":"https:\/\/consultinghungary.pl\/pl\/#\/schema\/logo\/image\/","url":"https:\/\/consultinghungary.pl\/pl\/wp-content\/uploads\/sites\/13\/2022\/02\/consluting-hungary-logo-246x199-2.png","contentUrl":"https:\/\/consultinghungary.pl\/pl\/wp-content\/uploads\/sites\/13\/2022\/02\/consluting-hungary-logo-246x199-2.png","width":246,"height":199,"caption":"Consulting Hungary"},"image":{"@id":"https:\/\/consultinghungary.pl\/pl\/#\/schema\/logo\/image\/"}},{"@type":"WebSite","@id":"https:\/\/consultinghungary.pl\/pl\/#website","url":"https:\/\/consultinghungary.pl\/pl\/","name":"Consulting Hungary | PL","description":"Pomagamy firmom e-commerce rozwija\u0107  sprzeda\u017c zagraniczn\u0105","publisher":{"@id":"https:\/\/consultinghungary.pl\/pl\/#organization"},"potentialAction":[{"@type":"SearchAction","target":{"@type":"EntryPoint","urlTemplate":"https:\/\/consultinghungary.pl\/pl\/?s={search_term_string}"},"query-input":"required name=search_term_string"}],"inLanguage":"pl-PL"},{"@type":"WebPage","@id":"https:\/\/consultinghungary.pl\/pl\/#webpage","url":"https:\/\/consultinghungary.pl\/pl\/","name":"Consulting Hungary - kompleksowe wsparcie Twojego e-commerce!","isPartOf":{"@id":"https:\/\/consultinghungary.pl\/pl\/#website"},"datePublished":"2015-12-15T10:21:08+00:00","dateModified":"2023-04-19T10:35:25+00:00","description":"Zwi\u0119ksz sprzeda\u017c e-commerce dzi\u0119ki naszym ekspertom. Kompleksowe us\u0142ugi dla r\u00f3\u017cnych bran\u017c. Rozwijaj sw\u00f3j biznes na rynkach mi\u0119dzynarodowych.","breadcrumb":{"@id":"https:\/\/consultinghungary.pl\/pl\/#breadcrumb"},"inLanguage":"pl-PL","potentialAction":[{"@type":"ReadAction","target":["https:\/\/consultinghungary.pl\/pl\/"]}]},{"@type":"BreadcrumbList","@id":"https:\/\/consultinghungary.pl\/pl\/#breadcrumb","itemListElement":[{"@type":"ListItem","position":1,"name":"Home","item":"https:\/\/consultinghungary.pl\/pl\/"},{"@type":"ListItem","position":2,"name":"Home"}]}]}},"_links":{"self":[{"href":"https:\/\/consultinghungary.pl\/pl\/wp-json\/wp\/v2\/pages\/2"}],"collection":[{"href":"https:\/\/consultinghungary.pl\/pl\/wp-json\/wp\/v2\/pages"}],"about":[{"href":"https:\/\/consultinghungary.pl\/pl\/wp-json\/wp\/v2\/types\/page"}],"author":[{"embeddable":true,"href":"https:\/\/consultinghungary.pl\/pl\/wp-json\/wp\/v2\/users\/7"}],"replies":[{"embeddable":true,"href":"https:\/\/consultinghungary.pl\/pl\/wp-json\/wp\/v2\/comments?post=2"}],"version-history":[{"count":1,"href":"https:\/\/consultinghungary.pl\/pl\/wp-json\/wp\/v2\/pages\/2\/revisions"}],"predecessor-version":[{"id":160,"href":"https:\/\/consultinghungary.pl\/pl\/wp-json\/wp\/v2\/pages\/2\/revisions\/160"}],"wp:attachment":[{"href":"https:\/\/consultinghungary.pl\/pl\/wp-json\/wp\/v2\/media?parent=2"}],"curies":[{"name":"wp","href":"https:\/\/api.w.org\/{rel}","templated":true}]}}